{"id":908,"date":"2025-01-24T14:44:26","date_gmt":"2025-01-24T14:44:26","guid":{"rendered":"https:\/\/peluqueriainmamateos.com\/?post_type=product&#038;p=908"},"modified":"2025-01-24T14:44:57","modified_gmt":"2025-01-24T14:44:57","slug":"tinte-para-el-cabello-negro","status":"publish","type":"product","link":"https:\/\/peluqueriainmamateos.com\/en\/product\/tinte-para-el-cabello-negro\/","title":{"rendered":"Tinte para el cabello &#8211; Negro"},"content":{"rendered":"<p><strong>Caracter\u00edsticas:<\/strong><\/p>\n<ul>\n<li>Cobertura completa de canas.<\/li>\n<li>F\u00f3rmula enriquecida con ingredientes que protegen y nutren tu cabello.<\/li>\n<li>F\u00e1cil aplicaci\u00f3n y resultados profesionales en casa.<\/li>\n<li>Color vibrante y duradero.<\/li>\n<\/ul>\n<p><strong>Modo de uso:<\/strong><\/p>\n<ol>\n<li>Mezcla el contenido del tinte siguiendo las instrucciones del envase.<\/li>\n<li>Aplica uniformemente sobre el cabello seco y deja actuar el tiempo indicado.<\/li>\n<li>Enjuaga con abundante agua y utiliza un acondicionador para sellar el color.<\/li>\n<\/ol>","protected":false},"excerpt":{"rendered":"<p>Logra un color casta\u00f1o natural y radiante con nuestro <strong>Tinte para el cabello &#8211; Negro<\/strong>. Dise\u00f1ado para ofrecer una cobertura uniforme y duradera, este tinte cuida tu cabello mientras realza su belleza con un acabado brillante y sedoso.<\/p>\n<p>&nbsp;<\/p>","protected":false},"featured_media":906,"comment_status":"open","ping_status":"closed","template":"","meta":[],"product_brand":[],"product_cat":[27],"product_tag":[],"yoast_head":"<!-- This site is optimized with the Yoast SEO plugin v25.3 - https:\/\/yoast.com\/wordpress\/plugins\/seo\/ -->\n<title>Tinte para el cabello - Negro - Peluquer\u00eda Inma Mateos<\/title>\n<meta name=\"robots\" content=\"index, follow, max-snippet:-1, max-image-preview:large, max-video-preview:-1\" \/>\n<link rel=\"canonical\" href=\"https:\/\/peluqueriainmamateos.com\/en\/product\/tinte-para-el-cabello-negro\/\" \/>\n<meta property=\"og:locale\" content=\"en_US\" \/>\n<meta property=\"og:type\" content=\"article\" \/>\n<meta property=\"og:title\" content=\"Tinte para el cabello - Negro - Peluquer\u00eda Inma Mateos\" \/>\n<meta property=\"og:description\" content=\"Logra un color casta\u00f1o natural y radiante con nuestro Tinte para el cabello - Negro. Dise\u00f1ado para ofrecer una cobertura uniforme y duradera, este tinte cuida tu cabello mientras realza su belleza con un acabado brillante y sedoso.  &nbsp;\" \/>\n<meta property=\"og:url\" content=\"https:\/\/peluqueriainmamateos.com\/en\/product\/tinte-para-el-cabello-negro\/\" \/>\n<meta property=\"og:site_name\" content=\"Peluquer\u00eda Inma Mateos\" \/>\n<meta property=\"article:modified_time\" content=\"2025-01-24T14:44:57+00:00\" \/>\n<meta property=\"og:image\" content=\"https:\/\/peluqueriainmamateos.com\/wp-content\/uploads\/2025\/01\/tinteinma_11zon.webp\" \/>\n\t<meta property=\"og:image:width\" content=\"500\" \/>\n\t<meta property=\"og:image:height\" content=\"500\" \/>\n\t<meta property=\"og:image:type\" content=\"image\/webp\" \/>\n<meta name=\"twitter:card\" content=\"summary_large_image\" \/>\n<script type=\"application\/ld+json\" class=\"yoast-schema-graph\">{\"@context\":\"https:\/\/schema.org\",\"@graph\":[{\"@type\":\"WebPage\",\"@id\":\"https:\/\/peluqueriainmamateos.com\/producto\/tinte-para-el-cabello-negro\/\",\"url\":\"https:\/\/peluqueriainmamateos.com\/producto\/tinte-para-el-cabello-negro\/\",\"name\":\"Tinte para el cabello - Negro - Peluquer\u00eda Inma Mateos\",\"isPartOf\":{\"@id\":\"https:\/\/peluqueriainmamateos.com\/#website\"},\"primaryImageOfPage\":{\"@id\":\"https:\/\/peluqueriainmamateos.com\/producto\/tinte-para-el-cabello-negro\/#primaryimage\"},\"image\":{\"@id\":\"https:\/\/peluqueriainmamateos.com\/producto\/tinte-para-el-cabello-negro\/#primaryimage\"},\"thumbnailUrl\":\"https:\/\/peluqueriainmamateos.com\/wp-content\/uploads\/2025\/01\/tinteinma_11zon.webp\",\"datePublished\":\"2025-01-24T14:44:26+00:00\",\"dateModified\":\"2025-01-24T14:44:57+00:00\",\"breadcrumb\":{\"@id\":\"https:\/\/peluqueriainmamateos.com\/producto\/tinte-para-el-cabello-negro\/#breadcrumb\"},\"inLanguage\":\"en-US\",\"potentialAction\":[{\"@type\":\"ReadAction\",\"target\":[\"https:\/\/peluqueriainmamateos.com\/producto\/tinte-para-el-cabello-negro\/\"]}]},{\"@type\":\"ImageObject\",\"inLanguage\":\"en-US\",\"@id\":\"https:\/\/peluqueriainmamateos.com\/producto\/tinte-para-el-cabello-negro\/#primaryimage\",\"url\":\"https:\/\/peluqueriainmamateos.com\/wp-content\/uploads\/2025\/01\/tinteinma_11zon.webp\",\"contentUrl\":\"https:\/\/peluqueriainmamateos.com\/wp-content\/uploads\/2025\/01\/tinteinma_11zon.webp\",\"width\":500,\"height\":500},{\"@type\":\"BreadcrumbList\",\"@id\":\"https:\/\/peluqueriainmamateos.com\/producto\/tinte-para-el-cabello-negro\/#breadcrumb\",\"itemListElement\":[{\"@type\":\"ListItem\",\"position\":1,\"name\":\"Portada\",\"item\":\"https:\/\/peluqueriainmamateos.com\/\"},{\"@type\":\"ListItem\",\"position\":2,\"name\":\"Tienda\",\"item\":\"https:\/\/peluqueriainmamateos.com\/tienda\/\"},{\"@type\":\"ListItem\",\"position\":3,\"name\":\"Tinte para el cabello &#8211; Negro\"}]},{\"@type\":\"WebSite\",\"@id\":\"https:\/\/peluqueriainmamateos.com\/#website\",\"url\":\"https:\/\/peluqueriainmamateos.com\/\",\"name\":\"Peluquer\u00eda Inma Mateos\",\"description\":\"\",\"publisher\":{\"@id\":\"https:\/\/peluqueriainmamateos.com\/#organization\"},\"potentialAction\":[{\"@type\":\"SearchAction\",\"target\":{\"@type\":\"EntryPoint\",\"urlTemplate\":\"https:\/\/peluqueriainmamateos.com\/?s={search_term_string}\"},\"query-input\":{\"@type\":\"PropertyValueSpecification\",\"valueRequired\":true,\"valueName\":\"search_term_string\"}}],\"inLanguage\":\"en-US\"},{\"@type\":\"Organization\",\"@id\":\"https:\/\/peluqueriainmamateos.com\/#organization\",\"name\":\"Peluquer\u00eda Inma Mateos\",\"url\":\"https:\/\/peluqueriainmamateos.com\/\",\"logo\":{\"@type\":\"ImageObject\",\"inLanguage\":\"en-US\",\"@id\":\"https:\/\/peluqueriainmamateos.com\/#\/schema\/logo\/image\/\",\"url\":\"https:\/\/peluqueriainmamateos.com\/wp-content\/uploads\/2025\/01\/Recurso-1.png\",\"contentUrl\":\"https:\/\/peluqueriainmamateos.com\/wp-content\/uploads\/2025\/01\/Recurso-1.png\",\"width\":711,\"height\":178,\"caption\":\"Peluquer\u00eda Inma Mateos\"},\"image\":{\"@id\":\"https:\/\/peluqueriainmamateos.com\/#\/schema\/logo\/image\/\"}}]}<\/script>\n<!-- \/ Yoast SEO plugin. -->","yoast_head_json":{"title":"Tinte para el cabello - Negro - Peluquer\u00eda Inma Mateos","robots":{"index":"index","follow":"follow","max-snippet":"max-snippet:-1","max-image-preview":"max-image-preview:large","max-video-preview":"max-video-preview:-1"},"canonical":"https:\/\/peluqueriainmamateos.com\/en\/product\/tinte-para-el-cabello-negro\/","og_locale":"en_US","og_type":"article","og_title":"Tinte para el cabello - Negro - Peluquer\u00eda Inma Mateos","og_description":"Logra un color casta\u00f1o natural y radiante con nuestro Tinte para el cabello - Negro. Dise\u00f1ado para ofrecer una cobertura uniforme y duradera, este tinte cuida tu cabello mientras realza su belleza con un acabado brillante y sedoso.  &nbsp;","og_url":"https:\/\/peluqueriainmamateos.com\/en\/product\/tinte-para-el-cabello-negro\/","og_site_name":"Peluquer\u00eda Inma Mateos","article_modified_time":"2025-01-24T14:44:57+00:00","og_image":[{"width":500,"height":500,"url":"https:\/\/peluqueriainmamateos.com\/wp-content\/uploads\/2025\/01\/tinteinma_11zon.webp","type":"image\/webp"}],"twitter_card":"summary_large_image","schema":{"@context":"https:\/\/schema.org","@graph":[{"@type":"WebPage","@id":"https:\/\/peluqueriainmamateos.com\/producto\/tinte-para-el-cabello-negro\/","url":"https:\/\/peluqueriainmamateos.com\/producto\/tinte-para-el-cabello-negro\/","name":"Tinte para el cabello - Negro - Peluquer\u00eda Inma Mateos","isPartOf":{"@id":"https:\/\/peluqueriainmamateos.com\/#website"},"primaryImageOfPage":{"@id":"https:\/\/peluqueriainmamateos.com\/producto\/tinte-para-el-cabello-negro\/#primaryimage"},"image":{"@id":"https:\/\/peluqueriainmamateos.com\/producto\/tinte-para-el-cabello-negro\/#primaryimage"},"thumbnailUrl":"https:\/\/peluqueriainmamateos.com\/wp-content\/uploads\/2025\/01\/tinteinma_11zon.webp","datePublished":"2025-01-24T14:44:26+00:00","dateModified":"2025-01-24T14:44:57+00:00","breadcrumb":{"@id":"https:\/\/peluqueriainmamateos.com\/producto\/tinte-para-el-cabello-negro\/#breadcrumb"},"inLanguage":"en-US","potentialAction":[{"@type":"ReadAction","target":["https:\/\/peluqueriainmamateos.com\/producto\/tinte-para-el-cabello-negro\/"]}]},{"@type":"ImageObject","inLanguage":"en-US","@id":"https:\/\/peluqueriainmamateos.com\/producto\/tinte-para-el-cabello-negro\/#primaryimage","url":"https:\/\/peluqueriainmamateos.com\/wp-content\/uploads\/2025\/01\/tinteinma_11zon.webp","contentUrl":"https:\/\/peluqueriainmamateos.com\/wp-content\/uploads\/2025\/01\/tinteinma_11zon.webp","width":500,"height":500},{"@type":"BreadcrumbList","@id":"https:\/\/peluqueriainmamateos.com\/producto\/tinte-para-el-cabello-negro\/#breadcrumb","itemListElement":[{"@type":"ListItem","position":1,"name":"Portada","item":"https:\/\/peluqueriainmamateos.com\/"},{"@type":"ListItem","position":2,"name":"Tienda","item":"https:\/\/peluqueriainmamateos.com\/tienda\/"},{"@type":"ListItem","position":3,"name":"Tinte para el cabello &#8211; Negro"}]},{"@type":"WebSite","@id":"https:\/\/peluqueriainmamateos.com\/#website","url":"https:\/\/peluqueriainmamateos.com\/","name":"Peluquer\u00eda Inma Mateos","description":"","publisher":{"@id":"https:\/\/peluqueriainmamateos.com\/#organization"},"potentialAction":[{"@type":"SearchAction","target":{"@type":"EntryPoint","urlTemplate":"https:\/\/peluqueriainmamateos.com\/?s={search_term_string}"},"query-input":{"@type":"PropertyValueSpecification","valueRequired":true,"valueName":"search_term_string"}}],"inLanguage":"en-US"},{"@type":"Organization","@id":"https:\/\/peluqueriainmamateos.com\/#organization","name":"Peluquer\u00eda Inma Mateos","url":"https:\/\/peluqueriainmamateos.com\/","logo":{"@type":"ImageObject","inLanguage":"en-US","@id":"https:\/\/peluqueriainmamateos.com\/#\/schema\/logo\/image\/","url":"https:\/\/peluqueriainmamateos.com\/wp-content\/uploads\/2025\/01\/Recurso-1.png","contentUrl":"https:\/\/peluqueriainmamateos.com\/wp-content\/uploads\/2025\/01\/Recurso-1.png","width":711,"height":178,"caption":"Peluquer\u00eda Inma Mateos"},"image":{"@id":"https:\/\/peluqueriainmamateos.com\/#\/schema\/logo\/image\/"}}]}},"_links":{"self":[{"href":"https:\/\/peluqueriainmamateos.com\/en\/wp-json\/wp\/v2\/product\/908"}],"collection":[{"href":"https:\/\/peluqueriainmamateos.com\/en\/wp-json\/wp\/v2\/product"}],"about":[{"href":"https:\/\/peluqueriainmamateos.com\/en\/wp-json\/wp\/v2\/types\/product"}],"replies":[{"embeddable":true,"href":"https:\/\/peluqueriainmamateos.com\/en\/wp-json\/wp\/v2\/comments?post=908"}],"wp:featuredmedia":[{"embeddable":true,"href":"https:\/\/peluqueriainmamateos.com\/en\/wp-json\/wp\/v2\/media\/906"}],"wp:attachment":[{"href":"https:\/\/peluqueriainmamateos.com\/en\/wp-json\/wp\/v2\/media?parent=908"}],"wp:term":[{"taxonomy":"product_brand","embeddable":true,"href":"https:\/\/peluqueriainmamateos.com\/en\/wp-json\/wp\/v2\/product_brand?post=908"},{"taxonomy":"product_cat","embeddable":true,"href":"https:\/\/peluqueriainmamateos.com\/en\/wp-json\/wp\/v2\/product_cat?post=908"},{"taxonomy":"product_tag","embeddable":true,"href":"https:\/\/peluqueriainmamateos.com\/en\/wp-json\/wp\/v2\/product_tag?post=908"}],"curies":[{"name":"wp","href":"https:\/\/api.w.org\/{rel}","templated":true}]}}