{"id":939,"date":"2025-01-24T15:58:16","date_gmt":"2025-01-24T15:58:16","guid":{"rendered":"https:\/\/peluqueriainmamateos.com\/?page_id=939"},"modified":"2025-01-24T16:19:37","modified_gmt":"2025-01-24T16:19:37","slug":"mi-carrito","status":"publish","type":"page","link":"https:\/\/peluqueriainmamateos.com\/en\/mi-carrito\/","title":{"rendered":"Mi carrito"},"content":{"rendered":"<div data-elementor-type=\"wp-page\" data-elementor-id=\"939\" class=\"elementor elementor-939\" data-elementor-post-type=\"page\">\n\t\t\t\t\t\t<section class=\"elementor-section elementor-top-section elementor-element elementor-element-96ee9d7 elementor-section-boxed elementor-section-height-default elementor-section-height-default\" data-id=\"96ee9d7\" data-element_type=\"section\" data-settings=\"{&quot;background_background&quot;:&quot;classic&quot;}\">\n\t\t\t\t\t\t<div class=\"elementor-container elementor-column-gap-default\">\n\t\t\t\t\t<div class=\"elementor-column elementor-col-100 elementor-top-column elementor-element elementor-element-34f6f4f\" data-id=\"34f6f4f\" data-element_type=\"column\">\n\t\t\t<div class=\"elementor-widget-wrap elementor-element-populated\">\n\t\t\t\t\t\t<section class=\"elementor-section elementor-inner-section elementor-element elementor-element-67688b8 elementor-section-boxed elementor-section-height-default elementor-section-height-default\" data-id=\"67688b8\" data-element_type=\"section\">\n\t\t\t\t\t\t<div class=\"elementor-container elementor-column-gap-default\">\n\t\t\t\t\t<div class=\"elementor-column elementor-col-100 elementor-inner-column elementor-element elementor-element-63affc6\" data-id=\"63affc6\" data-element_type=\"column\">\n\t\t\t<div class=\"elementor-widget-wrap elementor-element-populated\">\n\t\t\t\t\t\t<div class=\"elementor-element elementor-element-d2d037a elementor-widget__width-initial elementor-widget-tablet__width-initial elementor-widget-mobile__width-initial elementor-absolute elementor-widget elementor-widget-image\" data-id=\"d2d037a\" data-element_type=\"widget\" data-settings=\"{&quot;_position&quot;:&quot;absolute&quot;}\" data-widget_type=\"image.default\">\n\t\t\t\t<div class=\"elementor-widget-container\">\n\t\t\t\t\t\t\t\t\t\t\t\t\t\t\t<img fetchpriority=\"high\" decoding=\"async\" width=\"448\" height=\"191\" src=\"https:\/\/peluqueriainmamateos.com\/wp-content\/uploads\/2025\/01\/wave-line.png\" class=\"attachment-large size-large wp-image-498\" alt=\"\" srcset=\"https:\/\/peluqueriainmamateos.com\/wp-content\/uploads\/2025\/01\/wave-line.png 448w, https:\/\/peluqueriainmamateos.com\/wp-content\/uploads\/2025\/01\/wave-line-300x128.png 300w, https:\/\/peluqueriainmamateos.com\/wp-content\/uploads\/2025\/01\/wave-line-18x8.png 18w\" sizes=\"(max-width: 448px) 100vw, 448px\" \/>\t\t\t\t\t\t\t\t\t\t\t\t\t\t\t<\/div>\n\t\t\t\t<\/div>\n\t\t\t\t<div class=\"elementor-element elementor-element-c78b33c elementor-widget elementor-widget-heading\" data-id=\"c78b33c\" data-element_type=\"widget\" data-widget_type=\"heading.default\">\n\t\t\t\t<div class=\"elementor-widget-container\">\n\t\t\t\t\t<h2 class=\"elementor-heading-title elementor-size-default\">Mi Carrito<\/h2>\t\t\t\t<\/div>\n\t\t\t\t<\/div>\n\t\t\t\t\t<\/div>\n\t\t<\/div>\n\t\t\t\t\t<\/div>\n\t\t<\/section>\n\t\t\t\t<div class=\"elementor-element elementor-element-10fa673 elementor-widget elementor-widget-spacer\" data-id=\"10fa673\" data-element_type=\"widget\" data-widget_type=\"spacer.default\">\n\t\t\t\t<div class=\"elementor-widget-container\">\n\t\t\t\t\t\t\t<div class=\"elementor-spacer\">\n\t\t\t<div class=\"elementor-spacer-inner\"><\/div>\n\t\t<\/div>\n\t\t\t\t\t\t<\/div>\n\t\t\t\t<\/div>\n\t\t\t\t\t<\/div>\n\t\t<\/div>\n\t\t\t\t\t<\/div>\n\t\t<\/section>\n\t\t\t\t<\/div>","protected":false},"excerpt":{"rendered":"<p>Mi Carrito Eliminar art\u00edculo Imagen en miniatura Producto Precio Cantidad Subtotal &times; Tinte para el cabello &#8211; Casta\u00f1o &#36;10.99 Tinte para el cabello &#8211; Casta\u00f1o cantidad &#36;10.99 Actualizar el carrito Totales del carrito Subtotal &#36;10.99 Total &#36;10.99 Proceder al pago<\/p>","protected":false},"author":2,"featured_media":0,"parent":0,"menu_order":0,"comment_status":"closed","ping_status":"closed","template":"","meta":{"footnotes":""},"yoast_head":"<!-- This site is optimized with the Yoast SEO plugin v25.3 - https:\/\/yoast.com\/wordpress\/plugins\/seo\/ -->\n<title>Mi carrito - Peluquer\u00eda Inma Mateos<\/title>\n<meta name=\"robots\" content=\"index, follow, max-snippet:-1, max-image-preview:large, max-video-preview:-1\" \/>\n<link rel=\"canonical\" href=\"https:\/\/peluqueriainmamateos.com\/en\/mi-carrito\/\" \/>\n<meta property=\"og:locale\" content=\"en_US\" \/>\n<meta property=\"og:type\" content=\"article\" \/>\n<meta property=\"og:title\" content=\"Mi carrito - Peluquer\u00eda Inma Mateos\" \/>\n<meta property=\"og:description\" content=\"Mi Carrito Eliminar art\u00edculo Imagen en miniatura Producto Precio Cantidad Subtotal &times; Tinte para el cabello &#8211; Casta\u00f1o &#036;10.99 Tinte para el cabello &#8211; Casta\u00f1o cantidad &#036;10.99 Actualizar el carrito Totales del carrito Subtotal &#036;10.99 Total &#036;10.99 Proceder al pago\" \/>\n<meta property=\"og:url\" content=\"https:\/\/peluqueriainmamateos.com\/en\/mi-carrito\/\" \/>\n<meta property=\"og:site_name\" content=\"Peluquer\u00eda Inma Mateos\" \/>\n<meta property=\"article:modified_time\" content=\"2025-01-24T16:19:37+00:00\" \/>\n<meta property=\"og:image\" content=\"https:\/\/peluqueriainmamateos.com\/wp-content\/uploads\/2025\/01\/wave-line.png\" \/>\n\t<meta property=\"og:image:width\" content=\"448\" \/>\n\t<meta property=\"og:image:height\" content=\"191\" \/>\n\t<meta property=\"og:image:type\" content=\"image\/png\" \/>\n<meta name=\"twitter:card\" content=\"summary_large_image\" \/>\n<script type=\"application\/ld+json\" class=\"yoast-schema-graph\">{\"@context\":\"https:\/\/schema.org\",\"@graph\":[{\"@type\":\"WebPage\",\"@id\":\"https:\/\/peluqueriainmamateos.com\/mi-carrito\/\",\"url\":\"https:\/\/peluqueriainmamateos.com\/mi-carrito\/\",\"name\":\"Mi carrito - Peluquer\u00eda Inma Mateos\",\"isPartOf\":{\"@id\":\"https:\/\/peluqueriainmamateos.com\/#website\"},\"primaryImageOfPage\":{\"@id\":\"https:\/\/peluqueriainmamateos.com\/mi-carrito\/#primaryimage\"},\"image\":{\"@id\":\"https:\/\/peluqueriainmamateos.com\/mi-carrito\/#primaryimage\"},\"thumbnailUrl\":\"https:\/\/peluqueriainmamateos.com\/wp-content\/uploads\/2025\/01\/wave-line.png\",\"datePublished\":\"2025-01-24T15:58:16+00:00\",\"dateModified\":\"2025-01-24T16:19:37+00:00\",\"breadcrumb\":{\"@id\":\"https:\/\/peluqueriainmamateos.com\/mi-carrito\/#breadcrumb\"},\"inLanguage\":\"en-US\",\"potentialAction\":[{\"@type\":\"ReadAction\",\"target\":[\"https:\/\/peluqueriainmamateos.com\/mi-carrito\/\"]}]},{\"@type\":\"ImageObject\",\"inLanguage\":\"en-US\",\"@id\":\"https:\/\/peluqueriainmamateos.com\/mi-carrito\/#primaryimage\",\"url\":\"https:\/\/peluqueriainmamateos.com\/wp-content\/uploads\/2025\/01\/wave-line.png\",\"contentUrl\":\"https:\/\/peluqueriainmamateos.com\/wp-content\/uploads\/2025\/01\/wave-line.png\"},{\"@type\":\"BreadcrumbList\",\"@id\":\"https:\/\/peluqueriainmamateos.com\/mi-carrito\/#breadcrumb\",\"itemListElement\":[{\"@type\":\"ListItem\",\"position\":1,\"name\":\"Portada\",\"item\":\"https:\/\/peluqueriainmamateos.com\/\"},{\"@type\":\"ListItem\",\"position\":2,\"name\":\"Mi carrito\"}]},{\"@type\":\"WebSite\",\"@id\":\"https:\/\/peluqueriainmamateos.com\/#website\",\"url\":\"https:\/\/peluqueriainmamateos.com\/\",\"name\":\"Peluquer\u00eda Inma Mateos\",\"description\":\"\",\"publisher\":{\"@id\":\"https:\/\/peluqueriainmamateos.com\/#organization\"},\"potentialAction\":[{\"@type\":\"SearchAction\",\"target\":{\"@type\":\"EntryPoint\",\"urlTemplate\":\"https:\/\/peluqueriainmamateos.com\/?s={search_term_string}\"},\"query-input\":{\"@type\":\"PropertyValueSpecification\",\"valueRequired\":true,\"valueName\":\"search_term_string\"}}],\"inLanguage\":\"en-US\"},{\"@type\":\"Organization\",\"@id\":\"https:\/\/peluqueriainmamateos.com\/#organization\",\"name\":\"Peluquer\u00eda Inma Mateos\",\"url\":\"https:\/\/peluqueriainmamateos.com\/\",\"logo\":{\"@type\":\"ImageObject\",\"inLanguage\":\"en-US\",\"@id\":\"https:\/\/peluqueriainmamateos.com\/#\/schema\/logo\/image\/\",\"url\":\"https:\/\/peluqueriainmamateos.com\/wp-content\/uploads\/2025\/01\/Recurso-1.png\",\"contentUrl\":\"https:\/\/peluqueriainmamateos.com\/wp-content\/uploads\/2025\/01\/Recurso-1.png\",\"width\":711,\"height\":178,\"caption\":\"Peluquer\u00eda Inma Mateos\"},\"image\":{\"@id\":\"https:\/\/peluqueriainmamateos.com\/#\/schema\/logo\/image\/\"}}]}<\/script>\n<!-- \/ Yoast SEO plugin. -->","yoast_head_json":{"title":"Mi carrito - Peluquer\u00eda Inma Mateos","robots":{"index":"index","follow":"follow","max-snippet":"max-snippet:-1","max-image-preview":"max-image-preview:large","max-video-preview":"max-video-preview:-1"},"canonical":"https:\/\/peluqueriainmamateos.com\/en\/mi-carrito\/","og_locale":"en_US","og_type":"article","og_title":"Mi carrito - Peluquer\u00eda Inma Mateos","og_description":"Mi Carrito Eliminar art\u00edculo Imagen en miniatura Producto Precio Cantidad Subtotal &times; Tinte para el cabello &#8211; Casta\u00f1o &#36;10.99 Tinte para el cabello &#8211; Casta\u00f1o cantidad &#36;10.99 Actualizar el carrito Totales del carrito Subtotal &#36;10.99 Total &#36;10.99 Proceder al pago","og_url":"https:\/\/peluqueriainmamateos.com\/en\/mi-carrito\/","og_site_name":"Peluquer\u00eda Inma Mateos","article_modified_time":"2025-01-24T16:19:37+00:00","og_image":[{"width":448,"height":191,"url":"https:\/\/peluqueriainmamateos.com\/wp-content\/uploads\/2025\/01\/wave-line.png","type":"image\/png"}],"twitter_card":"summary_large_image","schema":{"@context":"https:\/\/schema.org","@graph":[{"@type":"WebPage","@id":"https:\/\/peluqueriainmamateos.com\/mi-carrito\/","url":"https:\/\/peluqueriainmamateos.com\/mi-carrito\/","name":"Mi carrito - Peluquer\u00eda Inma Mateos","isPartOf":{"@id":"https:\/\/peluqueriainmamateos.com\/#website"},"primaryImageOfPage":{"@id":"https:\/\/peluqueriainmamateos.com\/mi-carrito\/#primaryimage"},"image":{"@id":"https:\/\/peluqueriainmamateos.com\/mi-carrito\/#primaryimage"},"thumbnailUrl":"https:\/\/peluqueriainmamateos.com\/wp-content\/uploads\/2025\/01\/wave-line.png","datePublished":"2025-01-24T15:58:16+00:00","dateModified":"2025-01-24T16:19:37+00:00","breadcrumb":{"@id":"https:\/\/peluqueriainmamateos.com\/mi-carrito\/#breadcrumb"},"inLanguage":"en-US","potentialAction":[{"@type":"ReadAction","target":["https:\/\/peluqueriainmamateos.com\/mi-carrito\/"]}]},{"@type":"ImageObject","inLanguage":"en-US","@id":"https:\/\/peluqueriainmamateos.com\/mi-carrito\/#primaryimage","url":"https:\/\/peluqueriainmamateos.com\/wp-content\/uploads\/2025\/01\/wave-line.png","contentUrl":"https:\/\/peluqueriainmamateos.com\/wp-content\/uploads\/2025\/01\/wave-line.png"},{"@type":"BreadcrumbList","@id":"https:\/\/peluqueriainmamateos.com\/mi-carrito\/#breadcrumb","itemListElement":[{"@type":"ListItem","position":1,"name":"Portada","item":"https:\/\/peluqueriainmamateos.com\/"},{"@type":"ListItem","position":2,"name":"Mi carrito"}]},{"@type":"WebSite","@id":"https:\/\/peluqueriainmamateos.com\/#website","url":"https:\/\/peluqueriainmamateos.com\/","name":"Peluquer\u00eda Inma Mateos","description":"","publisher":{"@id":"https:\/\/peluqueriainmamateos.com\/#organization"},"potentialAction":[{"@type":"SearchAction","target":{"@type":"EntryPoint","urlTemplate":"https:\/\/peluqueriainmamateos.com\/?s={search_term_string}"},"query-input":{"@type":"PropertyValueSpecification","valueRequired":true,"valueName":"search_term_string"}}],"inLanguage":"en-US"},{"@type":"Organization","@id":"https:\/\/peluqueriainmamateos.com\/#organization","name":"Peluquer\u00eda Inma Mateos","url":"https:\/\/peluqueriainmamateos.com\/","logo":{"@type":"ImageObject","inLanguage":"en-US","@id":"https:\/\/peluqueriainmamateos.com\/#\/schema\/logo\/image\/","url":"https:\/\/peluqueriainmamateos.com\/wp-content\/uploads\/2025\/01\/Recurso-1.png","contentUrl":"https:\/\/peluqueriainmamateos.com\/wp-content\/uploads\/2025\/01\/Recurso-1.png","width":711,"height":178,"caption":"Peluquer\u00eda Inma Mateos"},"image":{"@id":"https:\/\/peluqueriainmamateos.com\/#\/schema\/logo\/image\/"}}]}},"_links":{"self":[{"href":"https:\/\/peluqueriainmamateos.com\/en\/wp-json\/wp\/v2\/pages\/939"}],"collection":[{"href":"https:\/\/peluqueriainmamateos.com\/en\/wp-json\/wp\/v2\/pages"}],"about":[{"href":"https:\/\/peluqueriainmamateos.com\/en\/wp-json\/wp\/v2\/types\/page"}],"author":[{"embeddable":true,"href":"https:\/\/peluqueriainmamateos.com\/en\/wp-json\/wp\/v2\/users\/2"}],"replies":[{"embeddable":true,"href":"https:\/\/peluqueriainmamateos.com\/en\/wp-json\/wp\/v2\/comments?post=939"}],"version-history":[{"count":10,"href":"https:\/\/peluqueriainmamateos.com\/en\/wp-json\/wp\/v2\/pages\/939\/revisions"}],"predecessor-version":[{"id":960,"href":"https:\/\/peluqueriainmamateos.com\/en\/wp-json\/wp\/v2\/pages\/939\/revisions\/960"}],"wp:attachment":[{"href":"https:\/\/peluqueriainmamateos.com\/en\/wp-json\/wp\/v2\/media?parent=939"}],"curies":[{"name":"wp","href":"https:\/\/api.w.org\/{rel}","templated":true}]}}